{"id":140,"date":"2020-04-30T07:41:41","date_gmt":"2020-04-30T07:41:41","guid":{"rendered":"http:\/\/127.0.0.1\/?page_id=140"},"modified":"2021-04-09T10:10:23","modified_gmt":"2021-04-09T08:10:23","slug":"basiskennis","status":"publish","type":"page","link":"https:\/\/konvib.be\/?page_id=140","title":{"rendered":"Basiskennis"},"content":{"rendered":"<h3><span style=\"font-family: 'comic sans ms', sans-serif;\">1. BIJENTEELT VAN DE OUDHEID TOT HEDEN<\/span><\/h3>\n<p><span style=\"font-family: 'comic sans ms', sans-serif; font-size: 14pt;\">De bij was eerder dan de mens op aarde. Er werden afdrukken van bijen gevonden in gesteenten van 25 miljoen jaar geleden.<\/span><br \/>\n<span style=\"font-family: 'comic sans ms', sans-serif;\"><span style=\"font-size: 14pt;\">In de oudste beschavingen vinden we sporen van bijenteelt. Honing en bijenproducten waren een kostbaar iets. De oude Indi\u00ebrs offerden honing aan hun goden en betaalden belastingen met honing<\/span> <span style=\"font-size: 14pt;\">en was.<\/span><\/span><\/p>\n<p style=\"text-align: center;\"><img loading=\"lazy\" src=\"https:\/\/konvib.be\/wp-content\/uploads\/1_kennismaking1-300x119.jpg\" alt=\"\" width=\"300\" height=\"119\" class=\"alignnone size-medium wp-image-3755\" srcset=\"https:\/\/konvib.be\/wp-content\/uploads\/1_kennismaking1-300x119.jpg 300w, https:\/\/konvib.be\/wp-content\/uploads\/1_kennismaking1.jpg 590w\" sizes=\"(max-width: 300px) 100vw, 300px\" \/><\/p>\n<p><span style=\"font-family: 'comic sans ms', sans-serif;\"><span style=\"font-size: 14pt;\">De Perzen hadden een grote verering voor de honingbij en de goden bestraften leugenaars met bijensteken. De Koran noemt de honing een geneesmiddel voor alle lichamelijke kwalen en ook in de Bijbel is er menigmaal sprake van bijen en honing. Het beloofde land, Kana\u00e4an, was het land dat overvloeide van melk en honing. Grieken en Romeinen beschouwden in hun tijd de bijenteelt als rijkdom en ze hielden al honingmarkten. Aristoteles (4de eeuw voor Christus) beschreef het bestaan van een koningin, werksters en darren. Hij had al kennis van de taakverdeling van de bijen, en hij besprak enkele vijanden van de bijen, zoals wasmotten en insectenetende vogels. Ook de Germanen kenden het nut van de bijenteelt, maar ze zochten de honing nog in holle boomstammen en rotsspleten. Onze voorouders maakten al mede en ze proefden er uitvoerig van.<\/span><\/span><br \/>\n<span style=\"font-family: 'comic sans ms', sans-serif; font-size: 14pt;\">Tijdens de eerste eeuwen van het christendom was de bijenteelt alomtegenwoordig in de kloosters en verspreidde zich van daaruit naar de gewone bevolking. In de middeleeuwen bereikte de bijenteelt de hoogste bloei en Karel de Grote vaardigde wetten uit ter bescherming van de honingbij. De eerste bijengilden ontstonden. Landbouwers moesten aan de adel en de geestelijkheid belastingen betalen onder de vorm van honing en was.<\/span><br \/>\n<span style=\"font-family: 'comic sans ms', sans-serif; font-size: 14pt;\">De ontdekking van Amerika in 1648 had nefaste gevolgen voor de bijenteelt. Invoer van rietsuiker en honing uit Amerika, ontbossing, verbouwen van aardappelen en granen maakten van de beroepsimkerij een bijverdienste. Ook de wetenschap werd geboren: men ontdekte het geheim van de bevruchting van de koningin en de oorspong van de wasvorming.<\/span><br \/>\n<span style=\"font-family: 'comic sans ms', sans-serif; font-size: 14pt;\">In de 19de eeuw maakte men de eerste losse ramen en vanaf de 20ste eeuw ging men bijen houden in kasten in plaats van in korven. Hierdoor kon men veel gemakkelijker werken aan de bijen en bij het oogsten van de honing moest men zijn volken niet meer vernietigen. In de 20ste eeuw ontwikkelde met reuzensprongen de kennis over de biologie en de zintuigen van de bijen, communicatie en ziekteverwekkers. Ook werden veel nieuwe technieken en bedrijfsmethodes ontworpen.<\/span><br \/>\n<span style=\"font-family: 'comic sans ms', sans-serif; font-size: 14pt;\">Evolutie en nieuwe ontdekkingen gaan steeds verder. De bijen hebben zeker nog niet al hun geheimen prijsgegeven, maar we moeten wel erkennen dat we de laatste decennia enorm veel vooruitgang hebben gemaakt.<\/span><\/p>\n<p><span style=\"font-family: 'comic sans ms', sans-serif; font-size: 14pt;\">AMBROSIUS, beschermheilige van de imkersgilden.<\/span><\/p>\n<p style=\"text-align: center;\"><img loading=\"lazy\" src=\"https:\/\/konvib.be\/wp-content\/uploads\/2_kennismaking2-239x300.jpg\" alt=\"\" width=\"239\" height=\"300\" class=\"alignnone size-medium wp-image-3756\" srcset=\"https:\/\/konvib.be\/wp-content\/uploads\/2_kennismaking2-239x300.jpg 239w, https:\/\/konvib.be\/wp-content\/uploads\/2_kennismaking2.jpg 283w\" sizes=\"(max-width: 239px) 100vw, 239px\" \/><\/p>\n<p><span style=\"font-family: 'comic sans ms', sans-serif; font-size: 14pt;\">Ambrosius werd te Trier geboren in het jaar 340 uit een Romeinsche adellijke familie. Zijn vader was prefect van Zuidelijk Galli\u00eb. Toen Ambrosius nog als klein kind in de wieg lag, streek een bie\u00ebnzwerm op zijn gelaat neer en vlogen de bie\u00ebn in en uit zijn mond zonder den knaap te hinderen. Zijn vader, dat wonder ziende, voorspelde: &#8220;Dat kind zal eenmaal een groot man worden.&#8221; En inderdaad, Ambrosius werd Aartsbisschop van Milaan, kerkvader, kerkleeraar en een groot heilige. Zijn woorden vloeiden zoet als honing en zijn ijver overtrof dezen van onze ijverige bietjes.<\/span><br \/>\n<span style=\"font-family: 'comic sans ms', sans-serif; font-size: 14pt;\">Daarom verkozen de bie\u00ebntelers hem tot hun patroon en vieren zijn feestdag op 7 December, dag zijner aanstelling tot aartsbisschop.<\/span><br \/>\n<span style=\"font-family: 'comic sans ms', sans-serif; font-size: 14pt;\">Sint Ambrosius overleed te Milaan op Paaschzaterdag, 4 April 397.<\/span><\/p>\n<p><span style=\"font-family: 'comic sans ms', sans-serif; font-size: 14pt;\">(&#8220;Handboek van de Imker&#8221;, E. Leysens, 1945)<\/span><\/p>\n<h3><span style=\"font-family: 'comic sans ms', sans-serif;\">2. IMKER WORDEN<\/span><\/h3>\n<p><span style=\"font-family: 'comic sans ms', sans-serif; font-size: 14pt;\">Bijen in je tuin hebben is boeiend. Ze zien heen en weer vliegen op zoek naar stuifmeel en nectar, een zwerm zien afkomen, een potje honing van je eigen bijen op je boterham smeren, het is allemaal zo fascinerend.<\/span><\/p>\n<p><span style=\"font-family: 'comic sans ms', sans-serif; font-size: 14pt;\">Maar waar haal je die bijen? Hoeveel kost dat? Hoe begin je eraan? En zullen die beestjes steken? En wat moet je allemaal doen? Wanneer en hoe?<\/span><\/p>\n<p><span style=\"font-family: 'comic sans ms', sans-serif; font-size: 14pt;\">Bijen plaats je niet in een opwelling van romantiek in je tuin. Je moet dat doordacht doen, de voor- en nadelen overwegen. Het is net zoals een ander huisdier in huis halen. Velen hebben zich al enthousiast een hond of een kat aangeschaft en luttele tijd later is de liefde uit en er blijft alleen diepe ontgoocheling over.<\/span><\/p>\n<p><span style=\"font-family: 'comic sans ms', sans-serif; font-size: 14pt;\">Imker zijn is een fantastische hobby. Maar is het wel voor iedereen weggelegd? Moet je een soort tovenaar zijn, een magi\u00ebr die alle geheimen van de natuur kent en voor niets en niemand bevreesd is? Helemaal niet. Een imker is een doodgewone mens die houdt van de natuur, die zijn bijen op de voet volgt en hierdoor het weer en zijn omgeving heel anders gaat bekijken. Bloemen en planten, bomen en struiken, zon en wolken, regen en wind, alles staat in functie van de bijen.<\/span><\/p>\n<p><span style=\"font-family: 'comic sans ms', sans-serif; font-size: 14pt;\">Om bijen te houden moet je ook de ruimte hebben om bijenkasten te plaatsen. Als je in een appartement woont of in een woonwijk met een piepklein tuintje wordt het wel heel moeilijk. Natuurlijk kun je ook een bijenstand hebben op een stukje grond dat niet bij je woning gelegen is. Bijen houden kun je zowel op het platteland als in de stad, als er maar voldoende bloeiende gewassen staan en je de bijenkasten kunt plaatsen op reglementaire afstand van buren en openbare wegen.<\/span><\/p>\n<p><span style=\"font-family: 'comic sans ms', sans-serif; font-size: 14pt;\">Wil je bijen houden, dan moet je je in de eerste plaats goed informeren: je moet kennis opdoen over de bij en zijn gedragspatronen. Het beste middel daartoe is een cursus volgen voor bijenteelt of een naslagwerk over bijenteelt grondig bestuderen. Verder moet je ook nog je eigen mogelijkheden overwegen: heb ik interesse voor de natuur, heb ik voldoende tijd, kan ik tegen een stootje of een prikje? En hoe zit het met je huisgenoten, hoe staan zij daartegenover? En je buurt, is die bijenvriendelijk? Allemaal vragen die je toch moet overwegen vooraleer je de stap zet.<\/span><\/p>\n<p><span style=\"font-family: 'comic sans ms', sans-serif; font-size: 14pt;\">Theorie en praktijk zijn twee verschillende zaken. Cursus volgen is zeker aangewezen, maar begin geen bijen te houden, zonder dat je vooraf in contact gekomen bent met bijen. In ieder regio is er een vereniging van imkers, die zullen je zeker helpen en de nodige adviezen geven. Laat je bijstaan en begeleiden door een deskundige imker, het zal je veel ontgoochelingen besparen.<\/span><\/p>\n<p><span style=\"font-family: 'comic sans ms', sans-serif; font-size: 14pt;\">Bijen houden kost ook geld. Je hebt bijenkasten en het materiaal nodig om aan de bijen te werken en je te beschermen. Vaak kun je alles tweedehands kopen, maar koop deugdelijk materiaal aan, geen oude afdankertjes. Oude rommel bezorgt je alleen maar narigheid. Laat je zeker adviseren door een geroutineerde imker die de moderne imkerij op de voet volgt.<\/span><br \/>\n<span style=\"font-family: 'comic sans ms', sans-serif; font-size: 14pt;\">Meestal doe je er best aan om alles nieuw te kopen, maar loop niet te hard van stapel. Voor 300 euro koop je zeker een basisset: een degelijke nieuwe kast, de nodige beschermingsmiddelen en benodigdheden om te kunnen starten. We komen verder nog uitvoerig terug op de belangrijkste soorten bijenkasten en de imkergereedschappen. De dure benodigdheden om honing te slingeren moet je in de aanvangsfase zeker niet kopen. Een bevriende imker zal graag zijn honingslinger ter beschikking stellen.<\/span><\/p>\n<p><span style=\"font-family: 'comic sans ms', sans-serif; font-size: 14pt;\">Ben je overtuigd en zie je het zitten om bijen te houden, dan moet je eraan beginnen. Maar houd het in de beginfase beperkt, later kun je altijd geleidelijk uitbreiden. En laat je niet verleiden door allerlei gadgets en kostelijke investeringen die je niet onmiddellijk nodig hebt. Imker word je niet in een paar weken. Je hebt er geduld en tijd voor nodig.<\/span><\/p>\n<p style=\"text-align: center;\"><img loading=\"lazy\" src=\"https:\/\/konvib.be\/wp-content\/uploads\/3_kenneismaking3-300x191.jpg\" alt=\"\" width=\"300\" height=\"191\" class=\"alignnone size-medium wp-image-3757\" srcset=\"https:\/\/konvib.be\/wp-content\/uploads\/3_kenneismaking3-300x191.jpg 300w, https:\/\/konvib.be\/wp-content\/uploads\/3_kenneismaking3.jpg 538w\" sizes=\"(max-width: 300px) 100vw, 300px\" \/><\/p>\n<p><span style=\"font-family: 'comic sans ms', sans-serif;\"><\/span><\/p>\n<h3><span style=\"font-family: 'comic sans ms', sans-serif;\">3. HET NUT VAN DE BIJENTEELT<\/span><\/h3>\n<p><span style=\"font-family: 'comic sans ms', sans-serif; font-size: 14pt;\">De bijenteelt in ons land is voor de meeste imkers een hobby. Beroepsimkers zijn er niet, wel een drietal semiprofessionele imkers, die 200 tot 300 volken houden. In Belgi\u00eb zijn er ongeveer 8500 imkers, die gemiddeld tien bijenvolken hebben. De meeste imkers zijn aangesloten bij een imkervereniging die hun belangen verdedigt en een maandblad uitgeeft zodat de imkers op de hoogte blijven van de moderne imkerij.<\/span><\/p>\n<p><span style=\"font-family: 'comic sans ms', sans-serif; font-size: 14pt;\">De Belgische imker houdt zeker geen bijen voor economische redenen, maar als je de imkerij op nationaal en op wereldvlak bekijkt is deze zeker niet zonder economische betekenis.<\/span><\/p>\n<p><span style=\"font-family: 'comic sans ms', sans-serif; font-size: 14pt;\">Het nut van de bijenteelt heeft veel aspecten:<\/span><br \/>\n<span style=\"font-family: 'comic sans ms', sans-serif; font-size: 14pt;\">\u2022 Bestuiving van gewassen voor 80%, in de fruitteelt zelfs voor 90%. Zonder bestuiving geen vruchten, geen zaden, geen voortplanting. Einstein heeft ooit gezegd: &#8220;Als de bijen sterven, gaan vier jaar later de mensen dood.&#8221;<\/span><br \/>\n<span style=\"font-family: 'comic sans ms', sans-serif; font-size: 14pt;\">\u2022 Honing. Men schat dat in Belgi\u00eb jaarlijks een 1.350.000 kg honing geproduceerd zou worden, dat vertegenwoordigt een waarde van 10 miljoen euro.<\/span><br \/>\n<span style=\"font-family: 'comic sans ms', sans-serif; font-size: 14pt;\">\u2022 Bijenwas wordt benut voor het maken van kaarsen, boenwas en diverse industri\u00eble en artistieke toepassingen.<\/span><br \/>\n<span style=\"font-family: 'comic sans ms', sans-serif; font-size: 14pt;\">\u2022 Stuifmeel voor geneeskrachtige doeleinden.<\/span><br \/>\n<span style=\"font-family: 'comic sans ms', sans-serif; font-size: 14pt;\">\u2022 Koninginnenbrij voor de farmaceutische en cosmetische industrie.<\/span><br \/>\n<span style=\"font-family: 'comic sans ms', sans-serif; font-size: 14pt;\">\u2022 Bijengif voor farmaceutische industrie.<\/span><br \/>\n<span style=\"font-family: 'comic sans ms', sans-serif; font-size: 14pt;\">\u2022 Propolis of kithars voor de farmaceutische industrie.<\/span><\/p>\n<p><span style=\"font-family: 'comic sans ms', sans-serif; font-size: 14pt;\">Op al deze aspecten van de bijenteelt komen we later nog terug.<\/span><\/p>\n<p><span style=\"font-family: 'comic sans ms', sans-serif; font-size: 14pt;\"><em>Een recente studie van de universiteit van Gent toonde aan dat de economische waarde van het bestuivingswerk van de honingbijen in Belgi\u00eb 472,30 miljoen dollar per jaar bedraagt. Alleen koeien, varkens en gevogelte halen een hoger cijfer.<\/em><\/span><\/p>\n<p>&nbsp;<\/p>\n<table border=\"1\" cellspacing=\"0\" cellpadding=\"10\">\n<tbody>\n<tr>\n<td><span style=\"font-family: 'comic sans ms', sans-serif; font-size: 14pt;\">Uittreksel uit &#8220;<a href=\"https:\/\/konvib.be\/?page_id=5168&amp;preview=true\" target=\"_blank\" rel=\"noopener noreferrer\">Bijenhouden in de 21<sup>ste<\/sup>\u00a0eeuw<\/a>&#8221; door Dirk Desmadryl<\/span><\/td>\n<\/tr>\n<\/tbody>\n<\/table>\n","protected":false},"excerpt":{"rendered":"<p>1. BIJENTEELT VAN DE OUDHEID TOT HEDEN De bij was eerder dan de mens op aarde. Er werden afdrukken van bijen gevonden in gesteenten van 25 miljoen jaar geleden. In de oudste beschavingen vinden we sporen van bijenteelt. Honing en bijenproducten waren een kostbaar iets. De oude Indi\u00ebrs offerden honing aan hun goden en betaalden [&hellip;]<\/p>\n","protected":false},"author":163,"featured_media":0,"parent":137,"menu_order":0,"comment_status":"closed","ping_status":"closed","template":"","meta":[],"_links":{"self":[{"href":"https:\/\/konvib.be\/index.php?rest_route=\/wp\/v2\/pages\/140"}],"collection":[{"href":"https:\/\/konvib.be\/index.php?rest_route=\/wp\/v2\/pages"}],"about":[{"href":"https:\/\/konvib.be\/index.php?rest_route=\/wp\/v2\/types\/page"}],"author":[{"embeddable":true,"href":"https:\/\/konvib.be\/index.php?rest_route=\/wp\/v2\/users\/163"}],"replies":[{"embeddable":true,"href":"https:\/\/konvib.be\/index.php?rest_route=%2Fwp%2Fv2%2Fcomments&post=140"}],"version-history":[{"count":7,"href":"https:\/\/konvib.be\/index.php?rest_route=\/wp\/v2\/pages\/140\/revisions"}],"predecessor-version":[{"id":5170,"href":"https:\/\/konvib.be\/index.php?rest_route=\/wp\/v2\/pages\/140\/revisions\/5170"}],"up":[{"embeddable":true,"href":"https:\/\/konvib.be\/index.php?rest_route=\/wp\/v2\/pages\/137"}],"wp:attachment":[{"href":"https:\/\/konvib.be\/index.php?rest_route=%2Fwp%2Fv2%2Fmedia&parent=140"}],"curies":[{"name":"wp","href":"https:\/\/api.w.org\/{rel}","templated":true}]}}